{"id":8,"date":"2018-01-14T12:53:05","date_gmt":"2018-01-14T12:53:05","guid":{"rendered":"http:\/\/hebamme-christinekaiser.net\/?page_id=8"},"modified":"2018-01-14T21:39:25","modified_gmt":"2018-01-14T21:39:25","slug":"leistungen","status":"publish","type":"page","link":"http:\/\/hebamme-christinekaiser.net\/?page_id=8","title":{"rendered":"Leistungen"},"content":{"rendered":"<p>Vor der Geburt:<\/p>\n<p><img loading=\"lazy\" class=\"wp-image-42 alignright\" src=\"http:\/\/hebamme-christinekaiser.net\/wp-content\/uploads\/2018\/01\/hamburg-468-e1515943487194-300x251.jpg\" alt=\"\" width=\"222\" height=\"186\" srcset=\"http:\/\/hebamme-christinekaiser.net\/wp-content\/uploads\/2018\/01\/hamburg-468-e1515943487194-300x251.jpg 300w, http:\/\/hebamme-christinekaiser.net\/wp-content\/uploads\/2018\/01\/hamburg-468-e1515943487194-768x643.jpg 768w, http:\/\/hebamme-christinekaiser.net\/wp-content\/uploads\/2018\/01\/hamburg-468-e1515943487194-1024x858.jpg 1024w, http:\/\/hebamme-christinekaiser.net\/wp-content\/uploads\/2018\/01\/hamburg-468-e1515943487194.jpg 1428w\" sizes=\"(max-width: 222px) 100vw, 222px\" \/><\/p>\n<ul>\n<li>Schwangerensprechstunde<\/li>\n<li>Hilfe bei Schwangerschaftsbeschwerden (Ern\u00e4hrung, \u00dcbelkeit SS, vorzeitige WTK, Sodbrennen, Ischiasbeschwerden, etc.)<\/li>\n<li>Akupunktur (\u00dcbelkeit, \u00d6deme, Karpaltunnelsyndrom, Ischiasbeschwerden ,etc.)<\/li>\n<li>geburtsvorbereitende Akupunktur ab der 36.SSW<\/li>\n<li>Moxa bei BEL<\/li>\n<\/ul>\n<p>Nach der Geburt:<\/p>\n<p><img loading=\"lazy\" class=\"size-medium wp-image-43 alignright\" src=\"http:\/\/hebamme-christinekaiser.net\/wp-content\/uploads\/2018\/01\/IMG_1737-e1515943517192-225x300.jpg\" alt=\"\" width=\"225\" height=\"300\" srcset=\"http:\/\/hebamme-christinekaiser.net\/wp-content\/uploads\/2018\/01\/IMG_1737-e1515943517192-225x300.jpg 225w, http:\/\/hebamme-christinekaiser.net\/wp-content\/uploads\/2018\/01\/IMG_1737-e1515943517192.jpg 480w\" sizes=\"(max-width: 225px) 100vw, 225px\" \/><\/p>\n<ul>\n<li>Wochenbettbetreuung (Betreuungsinhalte: Gespr\u00e4ch \u00fcber Geburt + erste Zeit mit dem Baby, Beobachtung Wochenbettverlauf, Entwicklung des Kindes, Nabelpflege, Anleitung beim Stillen, Kontrolle der Wundheilung und R\u00fcckbildung, Information \u00fcber Prophylaxen und Vorsorgen des Kindes, Verh\u00fctung nach der Geburt, etc.)<\/li>\n<li>Stillberatung<\/li>\n<li>Beratung Beikost<\/li>\n<\/ul>\n","protected":false},"excerpt":{"rendered":"<p>Vor der Geburt: Schwangerensprechstunde Hilfe bei Schwangerschaftsbeschwerden (Ern\u00e4hrung, \u00dcbelkeit SS, vorzeitige WTK, Sodbrennen, Ischiasbeschwerden, etc.) Akupunktur (\u00dcbelkeit, \u00d6deme, Karpaltunnelsyndrom, Ischiasbeschwerden ,etc.) geburtsvorbereitende Akupunktur ab der 36.SSW Moxa bei BEL Nach der Geburt: Wochenbettbetreuung (Betreuungsinhalte: Gespr\u00e4ch \u00fcber Geburt + erste Zeit mit dem Baby, Beobachtung Wochenbettverlauf, Entwicklung des Kindes, Nabelpflege, Anleitung beim Stillen, Kontrolle der Wundheilung &hellip; <\/p>\n<p class=\"link-more\"><a href=\"http:\/\/hebamme-christinekaiser.net\/?page_id=8\" class=\"more-link\"><span class=\"screen-reader-text\">&#8222;Leistungen&#8220;<\/span> weiterlesen<\/a><\/p>\n","protected":false},"author":1,"featured_media":0,"parent":0,"menu_order":0,"comment_status":"closed","ping_status":"closed","template":"","meta":[],"_links":{"self":[{"href":"http:\/\/hebamme-christinekaiser.net\/index.php?rest_route=\/wp\/v2\/pages\/8"}],"collection":[{"href":"http:\/\/hebamme-christinekaiser.net\/index.php?rest_route=\/wp\/v2\/pages"}],"about":[{"href":"http:\/\/hebamme-christinekaiser.net\/index.php?rest_route=\/wp\/v2\/types\/page"}],"author":[{"embeddable":true,"href":"http:\/\/hebamme-christinekaiser.net\/index.php?rest_route=\/wp\/v2\/users\/1"}],"replies":[{"embeddable":true,"href":"http:\/\/hebamme-christinekaiser.net\/index.php?rest_route=%2Fwp%2Fv2%2Fcomments&post=8"}],"version-history":[{"count":12,"href":"http:\/\/hebamme-christinekaiser.net\/index.php?rest_route=\/wp\/v2\/pages\/8\/revisions"}],"predecessor-version":[{"id":81,"href":"http:\/\/hebamme-christinekaiser.net\/index.php?rest_route=\/wp\/v2\/pages\/8\/revisions\/81"}],"wp:attachment":[{"href":"http:\/\/hebamme-christinekaiser.net\/index.php?rest_route=%2Fwp%2Fv2%2Fmedia&parent=8"}],"curies":[{"name":"wp","href":"https:\/\/api.w.org\/{rel}","templated":true}]}}