{"id":22,"date":"2018-01-14T14:40:01","date_gmt":"2018-01-14T14:40:01","guid":{"rendered":"http:\/\/hebamme-christinekaiser.net\/?page_id=22"},"modified":"2020-11-13T15:07:36","modified_gmt":"2020-11-13T15:07:36","slug":"ueber-mich","status":"publish","type":"page","link":"http:\/\/hebamme-christinekaiser.net\/?page_id=22","title":{"rendered":"\u00dcber mich"},"content":{"rendered":"<p style=\"text-align: left;\"><img loading=\"lazy\" class=\"wp-image-90 size-medium alignright\" src=\"http:\/\/hebamme-christinekaiser.net\/wp-content\/uploads\/2018\/09\/portraet2018-225x300.jpeg\" alt=\"\" width=\"225\" height=\"300\" srcset=\"http:\/\/hebamme-christinekaiser.net\/wp-content\/uploads\/2018\/09\/portraet2018-225x300.jpeg 225w, http:\/\/hebamme-christinekaiser.net\/wp-content\/uploads\/2018\/09\/portraet2018-768x1024.jpeg 768w, http:\/\/hebamme-christinekaiser.net\/wp-content\/uploads\/2018\/09\/portraet2018.jpeg 1200w\" sizes=\"(max-width: 225px) 100vw, 225px\" \/>2004 \u2013 2007 Ausbildung zur Hebamme in Villingen-Schwennigen , Staatsexamen<\/p>\n<p>ab 2007 als angestellte Hebamme t\u00e4tig, zun\u00e4chst im Krankenhaus Nagold<\/p>\n<p>10\/09 \u2013 04\/11 Weiterbildung Hom\u00f6opathie in Schwangerschaft und Geburthilfe, T\u00fcbingen<\/p>\n<p>2010 Geburt meiner Tochter<\/p>\n<p>ab 2012 als angestellte Hebamme t\u00e4tig im Kreiskrankenhaus Freudenstadt<\/p>\n<p>10\/13 \u2013 07\/14 Weiterbildug Akupunktur,<br \/>\nSchwerpunkt Schwangerschaft, Geburt und Wochenbett, Stuttgart<\/p>\n<p>seit 2013 freiberuflich t\u00e4tig<\/p>\n<p>11\/13 Weiterbildung Qualit\u00e4tsmanagment nach ISO 9001<\/p>\n<p>06\/14 Weiterbildung K-Taping,<br \/>\nSchwerpunkt Schwangerschaft, Geburt und Wochenbett, Ulm<\/p>\n<p>2014 Geburt meines Sohnes<\/p>\n<p>01\/16 \u2013 05\/17 Ausbildung zur Hypnosetherapeutin, Lindau<\/p>\n<p>11\/17 Hypnose, Schwerpunkt Hypnobirth, Augsburg<\/p>\n<p>04\/19 Grundkurs der Fu\u00dfreflexzonentherapie nach Hanne Marquardt, K\u00f6nigsfeld<\/p>\n<p>seit 2020 Dienst-Beleg-Hebamme bei der Hebammen-Gemeinschaft Rottweil im Helios-Krankenhaus Rottweil<\/p>\n","protected":false},"excerpt":{"rendered":"<p>2004 \u2013 2007 Ausbildung zur Hebamme in Villingen-Schwennigen , Staatsexamen ab 2007 als angestellte Hebamme t\u00e4tig, zun\u00e4chst im Krankenhaus Nagold 10\/09 \u2013 04\/11 Weiterbildung Hom\u00f6opathie in Schwangerschaft und Geburthilfe, T\u00fcbingen 2010 Geburt meiner Tochter ab 2012 als angestellte Hebamme t\u00e4tig im Kreiskrankenhaus Freudenstadt 10\/13 \u2013 07\/14 Weiterbildug Akupunktur, Schwerpunkt Schwangerschaft, Geburt und Wochenbett, Stuttgart seit &hellip; <\/p>\n<p class=\"link-more\"><a href=\"http:\/\/hebamme-christinekaiser.net\/?page_id=22\" class=\"more-link\"><span class=\"screen-reader-text\">&#8222;\u00dcber mich&#8220;<\/span> weiterlesen<\/a><\/p>\n","protected":false},"author":1,"featured_media":0,"parent":0,"menu_order":0,"comment_status":"closed","ping_status":"closed","template":"","meta":[],"_links":{"self":[{"href":"http:\/\/hebamme-christinekaiser.net\/index.php?rest_route=\/wp\/v2\/pages\/22"}],"collection":[{"href":"http:\/\/hebamme-christinekaiser.net\/index.php?rest_route=\/wp\/v2\/pages"}],"about":[{"href":"http:\/\/hebamme-christinekaiser.net\/index.php?rest_route=\/wp\/v2\/types\/page"}],"author":[{"embeddable":true,"href":"http:\/\/hebamme-christinekaiser.net\/index.php?rest_route=\/wp\/v2\/users\/1"}],"replies":[{"embeddable":true,"href":"http:\/\/hebamme-christinekaiser.net\/index.php?rest_route=%2Fwp%2Fv2%2Fcomments&post=22"}],"version-history":[{"count":11,"href":"http:\/\/hebamme-christinekaiser.net\/index.php?rest_route=\/wp\/v2\/pages\/22\/revisions"}],"predecessor-version":[{"id":103,"href":"http:\/\/hebamme-christinekaiser.net\/index.php?rest_route=\/wp\/v2\/pages\/22\/revisions\/103"}],"wp:attachment":[{"href":"http:\/\/hebamme-christinekaiser.net\/index.php?rest_route=%2Fwp%2Fv2%2Fmedia&parent=22"}],"curies":[{"name":"wp","href":"https:\/\/api.w.org\/{rel}","templated":true}]}}